
{"id":765,"date":"2022-02-23T21:05:43","date_gmt":"2022-02-23T21:05:43","guid":{"rendered":"https:\/\/demo.creativethemes.com\/stagingfour\/?page_id=765"},"modified":"2024-09-30T12:20:42","modified_gmt":"2024-09-30T12:20:42","slug":"contact","status":"publish","type":"page","link":"https:\/\/avant-iconic.com\/en\/contact\/","title":{"rendered":"CONTACT"},"content":{"rendered":"\n<div class=\"wp-block-stackable-spacer stk-block-spacer stk--no-padding stk-block stk-6090630\" data-block-id=\"6090630\"><style>.stk-6090630 {height:50px !important;}<\/style><\/div>\n\n\n\n<div class=\"wp-block-stackable-columns stk-block-columns stk-block stk-1dc5942\" data-block-id=\"1dc5942\"><style>.stk-1dc5942 .stk--block-align-1dc5942{align-items:center !important;}.stk-1dc5942 {margin-bottom:0px !important;}.stk-1dc5942-column{--stk-column-gap:35px !important;flex-wrap:wrap !important;--stk-flex-grow:0 !important;}@media screen and (max-width:689px){.stk-1dc5942-column{row-gap:35px !important;}.stk-1dc5942 {--stk-col-order-1:2 !important;--stk-col-order-2:1 !important;}}<\/style><div class=\"stk-row stk-inner-blocks stk--block-align-1dc5942 stk-block-content stk-content-align stk-1dc5942-column\">\n<div class=\"wp-block-stackable-column stk-block-column stk-column stk-block stk-3b6674e\" data-v=\"4\" data-block-id=\"3b6674e\"><style>.stk-3b6674e-container{margin-top:0px !important;margin-right:0px !important;margin-bottom:0px !important;margin-left:0px !important;}@media screen and (max-width:689px){.stk-3b6674e {flex:var(--stk-flex-grow, 1) 1 calc(100% - var(--stk-column-gap, 0px) * 0 \/ 1 ) !important;}}<\/style><div class=\"stk-column-wrapper stk-block-column__content stk-container stk-3b6674e-container stk--no-background stk--no-padding\"><div class=\"stk-block-content stk-inner-blocks stk-3b6674e-inner-blocks\">\n<svg version=\"1.1\" id=\"Ebene_1\" xmlns=\"http:\/\/www.w3.org\/2000\/svg\" xmlns:xlink=\"http:\/\/www.w3.org\/1999\/xlink\" x=\"0px\" y=\"0px\" viewBox=\"0 0 800 800\" style=\"enable-background:new 0 0 800 800;\" xml:space=\"preserve\">\n  <path class=\"st0 blue-bar outside-left\" d=\"M405.7,404.4c-10.3-13.3-26.5-21.9-44.6-21.9c-18.5,0-34.9,8.9-45.3,22.7c0,0.1-0.1,0.2-0.2,0.2\n\tc-1,1.4-1.9,2.8-2.8,4.3c-0.1,0.1-0.2,0.3-0.3,0.4l-8,12.1L114.4,712.4H1.6l303-462.2l56.4,86.1l37,56.4L405.7,404.4z\"><\/path>\n  <path class=\"st1 gray-a outside-bottom\" d=\"M607.6,712.4H192.4l61.9-94.4h178.5l-126.5-193l-1.7-2.7l8-12.1c0.1-0.2,0.2-0.3,0.3-0.4l2.8-4.3\n\tc0.1,0,0.1-0.1,0.2-0.2c10.3-13.7,26.7-22.7,45.3-22.7c18.1,0,34.3,8.6,44.6,21.9L607.6,712.4z\"><\/path>\n  <line class=\"st2\" x1=\"315.6\" y1=\"405.4\" x2=\"312.8\" y2=\"409.7\"><\/line>\n  <polygon class=\"st1 gray-i outside-right\" points=\"798.4,712.4 685.6,712.4 445.3,345.8 444,343.7 500.4,257.6 \"><\/polygon>\n  <polygon class=\"st0 blue-dot outside-top\" points=\"457.3,191.9 400.9,278 344.5,191.9 400.9,105.9 \"><\/polygon>\n<\/svg>\n<style>* {\n  box-sizing: border-box;\n  -moz-box-sizing: border-box;\n  -webkit-box-sizing: border-box;\n}\nbutton {\n  position: absolute;\n  top: 50%;\n  left: 50%;\n  transform: translateX(-50%);\n}\nsvg {\n  max-height: 100vh;\n}\n.outside-top {\n  transform: translateY(-100vh);\n}\n.outside-right {\n  transform: translateX(100vh);\n}\n.outside-left {\n  transform: translateX(-100vh);\n}\n.outside-bottom {\n  transform: translateY(100vh);\n}\n.bgRed {\n  background-color: red;\n}\n@keyframes logo {\n  0% {\n    stroke-dashoffset: 1500;\n  }\n  65% {\n    stroke-width: 3;\n  }\n  100% {\n    stroke-width: 0;\n    stroke-dashoffset: 0;\n  }\n}\n@keyframes fillBlue {\n  0% {\n    fill: transparent;\n  }\n  100% {\n    fill: #0bbbed;\n  }\n}\n@keyframes fillGray {\n  0% {\n    fill: transparent;\n  }\n  100% {\n    fill: #4d5253;\n  }\n}\n\n.st0 {\n  fill: #0bbbed;\n  stroke: #0bbbed;\n}\n\n.st1 {\n  fill: #4d5253;\n  stroke: #4d5253;\n}\n \n.st2 {\n  fill: none;\n}\n.blue-bar,\n.blue-dot {\n  animation: logo 5s 0s infinite, fillBlue 2s 2s forwards;\n}\n.gray-i,\n.gray-a {\n  animation: logo 5s 0s forwards infinite, fillGray 2s 2s forwards;\n}\n\n.blue-bar,\n.blue-dot,\n.gray-i,\n.gray-a {\n  transition: all 1.5s;\n  stroke-width: 1;\n  stroke-linecap: round;\n  stroke-dasharray: 1500;\n  stroke-dashoffset: 1500;\n  fill: transparent;\n}\n<\/style>\n<script>\nvar blueBar = document.querySelector(\".blue-bar\");\nconst blueDot = document.querySelector(\".blue-dot\");\nconst grayA = document.querySelector(\".gray-a\");\nconst grayI = document.querySelector(\".gray-i\");\n\nblueBar.classList.remove(\"outside-left\");\nblueDot.classList.remove(\"outside-top\");\ngrayA.classList.remove(\"outside-bottom\");\ngrayI.classList.remove(\"outside-right\");\n<\/script>\n<\/div><\/div><\/div>\n\n\n\n<div class=\"wp-block-stackable-column stk-block-column stk-column stk-block stk-93c6013\" data-v=\"4\" data-block-id=\"93c6013\"><style>.stk-93c6013-container{margin-top:0px !important;margin-right:0px !important;margin-bottom:0px !important;margin-left:0px !important;}@media screen and (max-width:689px){.stk-93c6013 {flex:var(--stk-flex-grow, 1) 1 calc(100% - var(--stk-column-gap, 0px) * 0 \/ 1 ) !important;}}<\/style><div class=\"stk-column-wrapper stk-block-column__content stk-container stk-93c6013-container stk--no-background stk--no-padding\"><div class=\"has-text-align-center-mobile stk-block-content stk-inner-blocks stk-93c6013-inner-blocks\">\n<div class=\"wp-block-stackable-text stk-block-text stk-block stk-4cd3df7\" data-block-id=\"4cd3df7\"><style>.stk-4cd3df7 {margin-bottom:16px !important;}.stk-4cd3df7 .stk-block-text__text{color:var(--theme-palette-color-1, #e65616) !important;font-weight:900 !important;text-transform:uppercase !important;}<\/style><p class=\"stk-block-text__text has-text-color has-palette-color-1-color has-text-align-center-mobile\">KontaktFormular<\/p><\/div>\n\n\n\n<div class=\"wp-block-stackable-heading stk-block-heading stk-block-heading--v2 stk-block stk-409217e\" id=\"reden-wir-uber-ihr-nachstes-projekt\" data-block-id=\"409217e\"><style>.stk-409217e {margin-bottom:30px !important;}.stk-409217e .stk-block-heading__text{font-size:60px !important;line-height:1em !important;font-weight:800 !important;}@media screen and (max-width:999px){.stk-409217e .stk-block-heading__text{font-size:40px !important;}}<\/style><h2 class=\"stk-block-heading__text has-text-align-center-mobile\">Reden wir \u00fcber Ihr n\u00e4chstes Projekt!<\/h2><\/div>\n\n\n\n<div class=\"wp-block-stackable-text stk-block-text stk-block stk-35543b5\" data-block-id=\"35543b5\"><p class=\"stk-block-text__text\">Wir sind da f\u00fcr Sie und stehen Ihnen jederzeit f\u00fcr all Ihre Fragen zur Verf\u00fcgung.<\/p><\/div>\n\n\n<div class=\"wpforms-container wpforms-block wpforms-block-bf1ce174-e3eb-4d30-93be-90fc7075ac5f wpforms-render-modern\" id=\"wpforms-378\"><form id=\"wpforms-form-378\" class=\"wpforms-validate wpforms-form\" data-formid=\"378\" method=\"post\" enctype=\"multipart\/form-data\" action=\"\/en\/wp-json\/wp\/v2\/pages\/765\" data-token=\"3e26ad5a2ca76f46f804f1827ffb50e5\" data-token-time=\"1776410140\"><noscript class=\"wpforms-error-noscript\">Please enable JavaScript in your browser to complete this form.<\/noscript><div id=\"wpforms-error-noscript\" style=\"display: none;\">Please enable JavaScript in your browser to complete this form.<\/div><div class=\"wpforms-field-container\"><div id=\"wpforms-378-field_0-container\" class=\"wpforms-field wpforms-field-name\" data-field-id=\"0\"><label class=\"wpforms-field-label wpforms-label-hide\" for=\"wpforms-378-field_0\" aria-hidden=\"false\">Name <span class=\"wpforms-required-label\" aria-hidden=\"true\">*<\/span><\/label><input type=\"text\" id=\"wpforms-378-field_0\" class=\"wpforms-field-large wpforms-field-required\" name=\"wpforms[fields][0]\" placeholder=\"Name\" aria-errormessage=\"wpforms-378-field_0-error\" required><\/div><div id=\"wpforms-378-field_1-container\" class=\"wpforms-field wpforms-field-email\" data-field-id=\"1\"><label class=\"wpforms-field-label wpforms-label-hide\" for=\"wpforms-378-field_1\" aria-hidden=\"false\">E-Mail <span class=\"wpforms-required-label\" aria-hidden=\"true\">*<\/span><\/label><input type=\"email\" id=\"wpforms-378-field_1\" class=\"wpforms-field-large wpforms-field-required\" name=\"wpforms[fields][1]\" placeholder=\"E-Mail\" spellcheck=\"false\" aria-errormessage=\"wpforms-378-field_1-error\" required><\/div><div id=\"wpforms-378-field_5-container\" class=\"wpforms-field wpforms-field-checkbox wpforms-one-half wpforms-first\" data-field-id=\"5\"><fieldset><legend class=\"wpforms-field-label\">Anruf<\/legend><ul id=\"wpforms-378-field_5\"><li class=\"choice-1 depth-1\"><input type=\"checkbox\" id=\"wpforms-378-field_5_1\" name=\"wpforms[fields][5][]\" value=\"M\u00f6chten Sie lieber angerufen werden?\" aria-errormessage=\"wpforms-378-field_5_1-error\"  ><label class=\"wpforms-field-label-inline\" for=\"wpforms-378-field_5_1\">M\u00f6chten Sie lieber angerufen werden?<\/label><\/li><\/ul><\/fieldset><\/div><div id=\"wpforms-378-field_6-container\" class=\"wpforms-field wpforms-field-text wpforms-one-half\" data-field-id=\"6\"><label class=\"wpforms-field-label\" for=\"wpforms-378-field_6\">Telefon (optional)<\/label><input type=\"text\" id=\"wpforms-378-field_6\" class=\"wpforms-field-large\" name=\"wpforms[fields][6]\" aria-errormessage=\"wpforms-378-field_6-error\" ><\/div><div id=\"wpforms-378-field_2-container\" class=\"wpforms-field wpforms-field-textarea\" data-field-id=\"2\"><label class=\"wpforms-field-label wpforms-label-hide\" for=\"wpforms-378-field_2\" aria-hidden=\"false\">Ihre Nachricht <span class=\"wpforms-required-label\" aria-hidden=\"true\">*<\/span><\/label><textarea id=\"wpforms-378-field_2\" class=\"wpforms-field-medium wpforms-field-required\" name=\"wpforms[fields][2]\" placeholder=\"Ihre Nachricht\" aria-errormessage=\"wpforms-378-field_2-error\" required><\/textarea><\/div><\/div><!-- .wpforms-field-container --><div class=\"wpforms-recaptcha-container wpforms-is-turnstile\" ><div class=\"wpforms-turnstile\" data-sitekey=\"0x4AAAAAABinRu08-ma7192g\" data-action=\"FormID-378\"><\/div><input type=\"text\" name=\"g-recaptcha-hidden\" class=\"wpforms-recaptcha-hidden\" style=\"position:absolute!important;clip:rect(0,0,0,0)!important;height:1px!important;width:1px!important;border:0!important;overflow:hidden!important;padding:0!important;margin:0!important;\" data-rule-turnstile=\"1\"><\/div><div class=\"wpforms-submit-container\" ><input type=\"hidden\" name=\"wpforms[id]\" value=\"378\"><input type=\"hidden\" name=\"page_title\" value=\"\"><input type=\"hidden\" name=\"page_url\" value=\"https:\/\/avant-iconic.com\/en\/wp-json\/wp\/v2\/pages\/765\"><input type=\"hidden\" name=\"url_referer\" value=\"\"><button type=\"submit\" name=\"wpforms[submit]\" id=\"wpforms-submit-378\" class=\"wpforms-submit\" data-alt-text=\"Senden...\" data-submit-text=\"Senden\" aria-live=\"assertive\" value=\"wpforms-submit\">Senden<\/button><\/div><\/form><\/div>  <!-- .wpforms-container --><\/div><\/div><\/div>\n<\/div><\/div>\n\n\n\n<div class=\"wp-block-stackable-spacer stk-block-spacer stk--no-padding stk-block stk-34452c0\" data-block-id=\"34452c0\"><\/div>\n","protected":false},"excerpt":{"rendered":"<p>KontaktFormular Reden wir \u00fcber Ihr n\u00e4chstes Projekt! Wir sind da f\u00fcr Sie und stehen Ihnen jederzeit f\u00fcr all Ihre Fragen zur Verf\u00fcgung.<\/p>","protected":false},"author":1,"featured_media":0,"parent":0,"menu_order":0,"comment_status":"closed","ping_status":"closed","template":"","meta":{"_acf_changed":false,"footnotes":""},"class_list":["post-765","page","type-page","status-publish","hentry"],"blocksy_meta":{"styles_descriptor":{"styles":{"desktop":"","tablet":"","mobile":""},"google_fonts":[],"version":6}},"acf":[],"_links":{"self":[{"href":"https:\/\/avant-iconic.com\/en\/wp-json\/wp\/v2\/pages\/765","targetHints":{"allow":["GET"]}}],"collection":[{"href":"https:\/\/avant-iconic.com\/en\/wp-json\/wp\/v2\/pages"}],"about":[{"href":"https:\/\/avant-iconic.com\/en\/wp-json\/wp\/v2\/types\/page"}],"author":[{"embeddable":true,"href":"https:\/\/avant-iconic.com\/en\/wp-json\/wp\/v2\/users\/1"}],"replies":[{"embeddable":true,"href":"https:\/\/avant-iconic.com\/en\/wp-json\/wp\/v2\/comments?post=765"}],"version-history":[{"count":0,"href":"https:\/\/avant-iconic.com\/en\/wp-json\/wp\/v2\/pages\/765\/revisions"}],"wp:attachment":[{"href":"https:\/\/avant-iconic.com\/en\/wp-json\/wp\/v2\/media?parent=765"}],"curies":[{"name":"wp","href":"https:\/\/api.w.org\/{rel}","templated":true}]}}